{"id":932,"date":"2022-01-31T12:33:58","date_gmt":"2022-01-31T11:33:58","guid":{"rendered":"https:\/\/gambi-m.com\/z-footer\/"},"modified":"2025-09-25T12:32:46","modified_gmt":"2025-09-25T10:32:46","slug":"z-footer","status":"publish","type":"page","link":"https:\/\/gambi-m.com\/en\/z-footer\/","title":{"rendered":"z-footer"},"content":{"rendered":"<div class=\"wpb-content-wrapper\">[vc_row full_width=&#8221;stretch_row&#8221; css=&#8221;.vc_custom_1758796251191{border-top-width: 1px !important;border-top-style: solid !important;border-color: #E7E7E7 !important;}&#8221;][vc_column]\t<style>.vcex_69f33c104980c{height:30px;}@media (max-width:1024px){.vcex_69f33c104980c{height:20px;}}@media (max-width:959px){.vcex_69f33c104980c{height:20px;}}@media (max-width:767px){.vcex_69f33c104980c{height:15px;}}@media (max-width:479px){.vcex_69f33c104980c{height:15px;}}<\/style>\n<div class=\"vcex-spacing wpex-w-100 wpex-clear vcex_69f33c104980c\"><\/div>\t<style>.vcex_69f33c104b1ee{height:30px;}@media (max-width:1024px){.vcex_69f33c104b1ee{height:20px;}}@media (max-width:959px){.vcex_69f33c104b1ee{height:20px;}}@media (max-width:767px){.vcex_69f33c104b1ee{height:15px;}}@media (max-width:479px){.vcex_69f33c104b1ee{height:15px;}}<\/style>\n<div class=\"vcex-spacing wpex-w-100 wpex-clear vcex_69f33c104b1ee\"><\/div>[vc_column_text css=&#8221;&#8221; text_align=&#8221;center&#8221; font_weight=&#8221;semibold&#8221; line_height=&#8221;tight&#8221;]Laur\u00e9at de l&#8217;appel \u00e0 projets France 2030 : Technologies innovantes des univers virtuels immersifs, soutenu par l&#8217;\u00c9tat et op\u00e9r\u00e9 par Bpifrance[\/vc_column_text][\/vc_column][\/vc_row][vc_row css_animation=&#8221;none&#8221; full_width=&#8221;stretch_row&#8221; remove_bottom_col_margin=&#8221;true&#8221; el_class=&#8221;noUnderline coloredLink&#8221; css=&#8221;.vc_custom_1699624331099{padding-top: 50px !important;padding-bottom: 50px !important;background: #333333 url(https:\/\/gambi-m.com\/wp-content\/uploads\/2023\/11\/gambi-m-repliques-virtuelles-3d-bim-footer-bg.jpeg?id=574) !important;background-position: center !important;background-repeat: no-repeat !important;background-size: cover !important;}&#8221;][vc_column][vc_row_inner][vc_column_inner width=&#8221;1\/3&#8243; offset=&#8221;vc_hidden-xs&#8221;][\/vc_column_inner][vc_column_inner width=&#8221;1\/3&#8243;]<style>.vcex-image.vcex_69f33c104b83f .vcex-image-inner{max-width:200px;}<\/style><figure class=\"vcex-image vcex-module wpex-text-center vcex_69f33c104b83f\"><div class=\"vcex-image-inner wpex-relative wpex-inline-block\"><a href=\"https:\/\/gambi-m.com\/\"><img width=\"1549\" height=\"1213\" src=\"https:\/\/gambi-m.com\/wp-content\/uploads\/2023\/11\/gambi-m-repliques-virtuelles-3d-bim-LOGO_extended_blanc_2.png\" class=\"vcex-image-img wpex-align-middle\" alt=\"\" loading=\"lazy\" decoding=\"async\" srcset=\"https:\/\/gambi-m.com\/wp-content\/uploads\/2023\/11\/gambi-m-repliques-virtuelles-3d-bim-LOGO_extended_blanc_2.png 1549w, https:\/\/gambi-m.com\/wp-content\/uploads\/2023\/11\/gambi-m-repliques-virtuelles-3d-bim-LOGO_extended_blanc_2-300x235.png 300w, https:\/\/gambi-m.com\/wp-content\/uploads\/2023\/11\/gambi-m-repliques-virtuelles-3d-bim-LOGO_extended_blanc_2-1024x802.png 1024w, https:\/\/gambi-m.com\/wp-content\/uploads\/2023\/11\/gambi-m-repliques-virtuelles-3d-bim-LOGO_extended_blanc_2-768x601.png 768w, https:\/\/gambi-m.com\/wp-content\/uploads\/2023\/11\/gambi-m-repliques-virtuelles-3d-bim-LOGO_extended_blanc_2-1536x1203.png 1536w\" sizes=\"auto, (max-width: 1549px) 100vw, 1549px\" \/><\/a><\/div><\/figure>[\/vc_column_inner][vc_column_inner width=&#8221;1\/3&#8243;]<style>.vcex-image.vcex_69f33c104f15a .vcex-image-inner{max-width:150px;}<\/style><figure class=\"vcex-image vcex-module wpex-text-right hidden-phone vcex_69f33c104f15a\"><div class=\"vcex-image-inner wpex-relative wpex-inline-block vc_custom_1699624431424\"><img width=\"200\" height=\"136\" src=\"https:\/\/gambi-m.com\/wp-content\/uploads\/2023\/11\/gambi-m-repliques-virtuelles-3d-bim-certification-qualianor-bw.png\" class=\"vcex-image-img wpex-align-middle\" alt=\"\" loading=\"lazy\" decoding=\"async\" \/><\/div><\/figure>[\/vc_column_inner][\/vc_row_inner]<div class=\"vcex-spacing wpex-w-100 wpex-clear hidden-phone\"><\/div>[vc_row_inner][vc_column_inner width=&#8221;1\/3&#8243;][vc_column_text color=&#8221;#ffffff&#8221; font_weight=&#8221;300&#8243;]\n<h4><em>In-Replica<span class=\"tradeMark\">TM<\/span><\/em><\/h4>\n<div class=\"vcex-module vcex-divider vcex-divider-solid vcex-divider-center wpex-mx-auto wpex-max-w-100 wpex-block wpex-h-0 wpex-border-b wpex-border-solid wpex-border-main\" style=\"width:100%;margin-block:20px;border-bottom-width:1px;\"><\/div>\n<p><a href=\"https:\/\/gambi-m.com\/en\/virtual-replicas\/\">Virtual replicas<\/a><br \/>\n<a href=\"https:\/\/gambi-m.com\/en\/business-applications\/\">Business applications<\/a><br \/>\n<a href=\"https:\/\/gambi-m.com\/en\/3d-data-acquisition\/\">3D data acquisition<\/a>[\/vc_column_text][\/vc_column_inner][vc_column_inner width=&#8221;1\/3&#8243;][vc_column_text color=&#8221;#ffffff&#8221; font_weight=&#8221;300&#8243;]\n<h4>INFORMATION<\/h4>\n<div class=\"vcex-module vcex-divider vcex-divider-solid vcex-divider-center wpex-mx-auto wpex-max-w-100 wpex-block wpex-h-0 wpex-border-b wpex-border-solid wpex-border-main\" style=\"width:100%;margin-block:20px;border-bottom-width:1px;\"><\/div>\n<p><a href=\"https:\/\/gambi-m.com\/en\/contact\/\">Contact<\/a><br \/>\n<a href=\"https:\/\/gambi-m.com\/recrutement\/\">Recruitment<\/a><br \/>\n<a href=\"https:\/\/gambi-m.com\/a-propos\/\">About us<\/a><br \/>\n<a href=\"https:\/\/gambi-m.com\/actualites\/\">News<\/a>[\/vc_column_text][\/vc_column_inner][vc_column_inner width=&#8221;1\/3&#8243;][vc_column_text css=&#8221;&#8221; color=&#8221;#ffffff&#8221; font_weight=&#8221;300&#8243;]\n<h4>CONTACT US<\/h4>\n<div class=\"vcex-module vcex-divider vcex-divider-solid vcex-divider-center wpex-mx-auto wpex-max-w-100 wpex-block wpex-h-0 wpex-border-b wpex-border-solid wpex-border-main\" style=\"width:100%;margin-block:20px;border-bottom-width:1px;\"><\/div>\n<p><strong>Gambi-M<\/strong><br \/>\n<span  style=\"margin-right:10px;\" class=\"wpex-icon\" aria-hidden=\"true\"><svg xmlns=\"http:\/\/www.w3.org\/2000\/svg\" viewBox=\"0 0 18 32\"><path d=\"M13.714 11.429q0-1.893-1.339-3.232t-3.232-1.339-3.232 1.339-1.339 3.232 1.339 3.232 3.232 1.339 3.232-1.339 1.339-3.232zM18.286 11.429q0 1.946-0.589 3.196l-6.5 13.821q-0.286 0.589-0.848 0.929t-1.205 0.339-1.205-0.339-0.83-0.929l-6.518-13.821q-0.589-1.25-0.589-3.196 0-3.786 2.679-6.464t6.464-2.679 6.464 2.679 2.679 6.464z\"><\/path><\/svg><\/span>198 Rue Fernand Jarrie<br \/>\n30200 Bagnols-sur-C\u00e8ze<br \/>\n<a href=\"tel:+33633751274\" target=\"_blank\" rel=\"noopener\"><span  style=\"margin-right:10px;\" class=\"wpex-icon\" aria-hidden=\"true\"><svg xmlns=\"http:\/\/www.w3.org\/2000\/svg\" viewBox=\"0 0 512 512\"><path d=\"M164.9 24.6c-7.7-18.6-28-28.5-47.4-23.2l-88 24C12.1 30.2 0 46 0 64C0 311.4 200.6 512 448 512c18 0 33.8-12.1 38.6-29.5l24-88c5.3-19.4-4.6-39.7-23.2-47.4l-96-40c-16.3-6.8-35.2-2.1-46.3 11.6L304.7 368C234.3 334.7 177.3 277.7 144 207.3L193.3 167c13.7-11.2 18.4-30 11.6-46.3l-40-96z\"\/><\/svg><\/span>(+33) 06 33 75 12 74<\/a><br \/>\n<a href=\"https:\/\/gambi-m.com\/en\/contact\/#formulaireContact\"><span  style=\"margin-right:10px;\" class=\"wpex-icon\" aria-hidden=\"true\"><svg xmlns=\"http:\/\/www.w3.org\/2000\/svg\" viewBox=\"0 0 512 512\"><path d=\"M48 64C21.5 64 0 85.5 0 112c0 15.1 7.1 29.3 19.2 38.4L236.8 313.6c11.4 8.5 27 8.5 38.4 0L492.8 150.4c12.1-9.1 19.2-23.3 19.2-38.4c0-26.5-21.5-48-48-48H48zM0 176V384c0 35.3 28.7 64 64 64H448c35.3 0 64-28.7 64-64V176L294.4 339.2c-22.8 17.1-54 17.1-76.8 0L0 176z\"\/><\/svg><\/span>Contact form<\/a><br \/>\nFollow us <a href=\"https:\/\/www.linkedin.com\/company\/gambi-m\/\" target=\"_blank\" rel=\"noopener\"><span  style=\"margin-left:10px;font-size:22px;\" class=\"wpex-icon\" aria-hidden=\"true\"><svg xmlns=\"http:\/\/www.w3.org\/2000\/svg\" viewBox=\"0 0 448 512\"><path d=\"M100.3 448H7.4V148.9h92.9zM53.8 108.1C24.1 108.1 0 83.5 0 53.8a53.8 53.8 0 0 1 107.6 0c0 29.7-24.1 54.3-53.8 54.3zM447.9 448h-92.7V302.4c0-34.7-.7-79.2-48.3-79.2-48.3 0-55.7 37.7-55.7 76.7V448h-92.8V148.9h89.1v40.8h1.3c12.4-23.5 42.7-48.3 87.9-48.3 94 0 111.3 61.9 111.3 142.3V448z\"\/><\/svg><\/span><\/a>[\/vc_column_text][\/vc_column_inner][\/vc_row_inner][\/vc_column][\/vc_row]\n<\/div>","protected":false},"excerpt":{"rendered":"<p>[vc_row full_width=&#8221;stretch_row&#8221; css=&#8221;.vc_custom_1758796251191{border-top-width: 1px !important;border-top-style: solid !important;border-color: #E7E7E7 !important;}&#8221;][vc_column][vc_column_text css=&#8221;&#8221; text_align=&#8221;center&#8221; font_weight=&#8221;semibold&#8221; line_height=&#8221;tight&#8221;]Laur\u00e9at de l&#8217;appel \u00e0 projets France 2030 : Technologies innovantes des univers virtuels immersifs, soutenu par l&#8217;\u00c9tat et op\u00e9r\u00e9 par Bpifrance[\/vc_column_text][\/vc_column][\/vc_row][vc_row css_animation=&#8221;none&#8221; full_width=&#8221;stretch_row&#8221; remove_bottom_col_margin=&#8221;true&#8221; el_class=&#8221;noUnderline coloredLink&#8221; css=&#8221;.vc_custom_1699624331099{padding-top: 50px !important;padding-bottom: 50px !important;background: #333333 url(https:\/\/gambi-m.com\/wp-content\/uploads\/2023\/11\/gambi-m-repliques-virtuelles-3d-bim-footer-bg.jpeg?id=574) !important;background-position: center !important;background-repeat: no-repeat !important;background-size: cover !important;}&#8221;][vc_column][vc_row_inner][vc_column_inner width=&#8221;1\/3&#8243; offset=&#8221;vc_hidden-xs&#8221;][\/vc_column_inner][vc_column_inner width=&#8221;1\/3&#8243;][\/vc_column_inner][vc_column_inner&hellip;<\/p>\n","protected":false},"author":3,"featured_media":0,"parent":0,"menu_order":0,"comment_status":"closed","ping_status":"closed","template":"","meta":{"footnotes":""},"class_list":["post-932","page","type-page","status-publish","hentry","entry","no-media"],"yoast_head":"<!-- This site is optimized with the Yoast SEO plugin v27.5 - https:\/\/yoast.com\/product\/yoast-seo-wordpress\/ -->\n<title>z-footer - Gambi-M<\/title>\n<meta name=\"robots\" content=\"noindex, nofollow\" \/>\n<meta property=\"og:locale\" content=\"en_US\" \/>\n<meta property=\"og:type\" content=\"article\" \/>\n<meta property=\"og:title\" content=\"z-footer - Gambi-M\" \/>\n<meta property=\"og:description\" content=\"[vc_row full_width=&#8221;stretch_row&#8221; css=&#8221;.vc_custom_1758796251191{border-top-width: 1px !important;border-top-style: solid !important;border-color: #E7E7E7 !important;}&#8221;][vc_column][vc_column_text css=&#8221;&#8221; text_align=&#8221;center&#8221; font_weight=&#8221;semibold&#8221; line_height=&#8221;tight&#8221;]Laur\u00e9at de l&#8217;appel \u00e0 projets France 2030 : Technologies innovantes des univers virtuels immersifs, soutenu par l&#8217;\u00c9tat et op\u00e9r\u00e9 par Bpifrance[\/vc_column_text][\/vc_column][\/vc_row][vc_row css_animation=&#8221;none&#8221; full_width=&#8221;stretch_row&#8221; remove_bottom_col_margin=&#8221;true&#8221; el_class=&#8221;noUnderline coloredLink&#8221; css=&#8221;.vc_custom_1699624331099{padding-top: 50px !important;padding-bottom: 50px !important;background: #333333 url(https:\/\/gambi-m.com\/wp-content\/uploads\/2023\/11\/gambi-m-repliques-virtuelles-3d-bim-footer-bg.jpeg?id=574) !important;background-position: center !important;background-repeat: no-repeat !important;background-size: cover !important;}&#8221;][vc_column][vc_row_inner][vc_column_inner width=&#8221;1\/3&#8243; offset=&#8221;vc_hidden-xs&#8221;][\/vc_column_inner][vc_column_inner width=&#8221;1\/3&#8243;][\/vc_column_inner][vc_column_inner&hellip;\" \/>\n<meta property=\"og:url\" content=\"https:\/\/gambi-m.com\/en\/z-footer\/\" \/>\n<meta property=\"og:site_name\" content=\"Gambi-M\" \/>\n<meta property=\"article:modified_time\" content=\"2025-09-25T10:32:46+00:00\" \/>\n<meta name=\"twitter:card\" content=\"summary_large_image\" \/>\n<meta name=\"twitter:label1\" content=\"Est. reading time\" \/>\n\t<meta name=\"twitter:data1\" content=\"1 minute\" \/>\n<script type=\"application\/ld+json\" class=\"yoast-schema-graph\">{\"@context\":\"https:\\\/\\\/schema.org\",\"@graph\":[{\"@type\":\"WebPage\",\"@id\":\"https:\\\/\\\/gambi-m.com\\\/en\\\/z-footer\\\/\",\"url\":\"https:\\\/\\\/gambi-m.com\\\/en\\\/z-footer\\\/\",\"name\":\"z-footer - Gambi-M\",\"isPartOf\":{\"@id\":\"https:\\\/\\\/gambi-m.com\\\/en\\\/#website\"},\"datePublished\":\"2022-01-31T11:33:58+00:00\",\"dateModified\":\"2025-09-25T10:32:46+00:00\",\"breadcrumb\":{\"@id\":\"https:\\\/\\\/gambi-m.com\\\/en\\\/z-footer\\\/#breadcrumb\"},\"inLanguage\":\"en-US\",\"potentialAction\":[{\"@type\":\"ReadAction\",\"target\":[\"https:\\\/\\\/gambi-m.com\\\/en\\\/z-footer\\\/\"]}]},{\"@type\":\"BreadcrumbList\",\"@id\":\"https:\\\/\\\/gambi-m.com\\\/en\\\/z-footer\\\/#breadcrumb\",\"itemListElement\":[{\"@type\":\"ListItem\",\"position\":1,\"name\":\"Accueil\",\"item\":\"https:\\\/\\\/gambi-m.com\\\/en\\\/home\\\/\"},{\"@type\":\"ListItem\",\"position\":2,\"name\":\"z-footer\"}]},{\"@type\":\"WebSite\",\"@id\":\"https:\\\/\\\/gambi-m.com\\\/en\\\/#website\",\"url\":\"https:\\\/\\\/gambi-m.com\\\/en\\\/\",\"name\":\"Gambi-M\",\"description\":\"R\u00e9pliques virtuelles - BIM\",\"publisher\":{\"@id\":\"https:\\\/\\\/gambi-m.com\\\/en\\\/#organization\"},\"potentialAction\":[{\"@type\":\"SearchAction\",\"target\":{\"@type\":\"EntryPoint\",\"urlTemplate\":\"https:\\\/\\\/gambi-m.com\\\/en\\\/?s={search_term_string}\"},\"query-input\":{\"@type\":\"PropertyValueSpecification\",\"valueRequired\":true,\"valueName\":\"search_term_string\"}}],\"inLanguage\":\"en-US\"},{\"@type\":\"Organization\",\"@id\":\"https:\\\/\\\/gambi-m.com\\\/en\\\/#organization\",\"name\":\"Gambi-M\",\"url\":\"https:\\\/\\\/gambi-m.com\\\/en\\\/\",\"logo\":{\"@type\":\"ImageObject\",\"inLanguage\":\"en-US\",\"@id\":\"https:\\\/\\\/gambi-m.com\\\/en\\\/#\\\/schema\\\/logo\\\/image\\\/\",\"url\":\"https:\\\/\\\/gambi-m.com\\\/wp-content\\\/uploads\\\/2023\\\/11\\\/gambi-m-repliques-virtuelles-3d-bim-LOGO-noir.png\",\"contentUrl\":\"https:\\\/\\\/gambi-m.com\\\/wp-content\\\/uploads\\\/2023\\\/11\\\/gambi-m-repliques-virtuelles-3d-bim-LOGO-noir.png\",\"width\":600,\"height\":146,\"caption\":\"Gambi-M\"},\"image\":{\"@id\":\"https:\\\/\\\/gambi-m.com\\\/en\\\/#\\\/schema\\\/logo\\\/image\\\/\"},\"sameAs\":[\"https:\\\/\\\/www.linkedin.com\\\/company\\\/gambi-m\\\/\"]}]}<\/script>\n<!-- \/ Yoast SEO plugin. -->","yoast_head_json":{"title":"z-footer - Gambi-M","robots":{"index":"noindex","follow":"nofollow"},"og_locale":"en_US","og_type":"article","og_title":"z-footer - Gambi-M","og_description":"[vc_row full_width=&#8221;stretch_row&#8221; css=&#8221;.vc_custom_1758796251191{border-top-width: 1px !important;border-top-style: solid !important;border-color: #E7E7E7 !important;}&#8221;][vc_column][vc_column_text css=&#8221;&#8221; text_align=&#8221;center&#8221; font_weight=&#8221;semibold&#8221; line_height=&#8221;tight&#8221;]Laur\u00e9at de l&#8217;appel \u00e0 projets France 2030 : Technologies innovantes des univers virtuels immersifs, soutenu par l&#8217;\u00c9tat et op\u00e9r\u00e9 par Bpifrance[\/vc_column_text][\/vc_column][\/vc_row][vc_row css_animation=&#8221;none&#8221; full_width=&#8221;stretch_row&#8221; remove_bottom_col_margin=&#8221;true&#8221; el_class=&#8221;noUnderline coloredLink&#8221; css=&#8221;.vc_custom_1699624331099{padding-top: 50px !important;padding-bottom: 50px !important;background: #333333 url(https:\/\/gambi-m.com\/wp-content\/uploads\/2023\/11\/gambi-m-repliques-virtuelles-3d-bim-footer-bg.jpeg?id=574) !important;background-position: center !important;background-repeat: no-repeat !important;background-size: cover !important;}&#8221;][vc_column][vc_row_inner][vc_column_inner width=&#8221;1\/3&#8243; offset=&#8221;vc_hidden-xs&#8221;][\/vc_column_inner][vc_column_inner width=&#8221;1\/3&#8243;][\/vc_column_inner][vc_column_inner&hellip;","og_url":"https:\/\/gambi-m.com\/en\/z-footer\/","og_site_name":"Gambi-M","article_modified_time":"2025-09-25T10:32:46+00:00","twitter_card":"summary_large_image","twitter_misc":{"Est. reading time":"1 minute"},"schema":{"@context":"https:\/\/schema.org","@graph":[{"@type":"WebPage","@id":"https:\/\/gambi-m.com\/en\/z-footer\/","url":"https:\/\/gambi-m.com\/en\/z-footer\/","name":"z-footer - Gambi-M","isPartOf":{"@id":"https:\/\/gambi-m.com\/en\/#website"},"datePublished":"2022-01-31T11:33:58+00:00","dateModified":"2025-09-25T10:32:46+00:00","breadcrumb":{"@id":"https:\/\/gambi-m.com\/en\/z-footer\/#breadcrumb"},"inLanguage":"en-US","potentialAction":[{"@type":"ReadAction","target":["https:\/\/gambi-m.com\/en\/z-footer\/"]}]},{"@type":"BreadcrumbList","@id":"https:\/\/gambi-m.com\/en\/z-footer\/#breadcrumb","itemListElement":[{"@type":"ListItem","position":1,"name":"Accueil","item":"https:\/\/gambi-m.com\/en\/home\/"},{"@type":"ListItem","position":2,"name":"z-footer"}]},{"@type":"WebSite","@id":"https:\/\/gambi-m.com\/en\/#website","url":"https:\/\/gambi-m.com\/en\/","name":"Gambi-M","description":"R\u00e9pliques virtuelles - BIM","publisher":{"@id":"https:\/\/gambi-m.com\/en\/#organization"},"potentialAction":[{"@type":"SearchAction","target":{"@type":"EntryPoint","urlTemplate":"https:\/\/gambi-m.com\/en\/?s={search_term_string}"},"query-input":{"@type":"PropertyValueSpecification","valueRequired":true,"valueName":"search_term_string"}}],"inLanguage":"en-US"},{"@type":"Organization","@id":"https:\/\/gambi-m.com\/en\/#organization","name":"Gambi-M","url":"https:\/\/gambi-m.com\/en\/","logo":{"@type":"ImageObject","inLanguage":"en-US","@id":"https:\/\/gambi-m.com\/en\/#\/schema\/logo\/image\/","url":"https:\/\/gambi-m.com\/wp-content\/uploads\/2023\/11\/gambi-m-repliques-virtuelles-3d-bim-LOGO-noir.png","contentUrl":"https:\/\/gambi-m.com\/wp-content\/uploads\/2023\/11\/gambi-m-repliques-virtuelles-3d-bim-LOGO-noir.png","width":600,"height":146,"caption":"Gambi-M"},"image":{"@id":"https:\/\/gambi-m.com\/en\/#\/schema\/logo\/image\/"},"sameAs":["https:\/\/www.linkedin.com\/company\/gambi-m\/"]}]}},"_links":{"self":[{"href":"https:\/\/gambi-m.com\/en\/wp-json\/wp\/v2\/pages\/932","targetHints":{"allow":["GET"]}}],"collection":[{"href":"https:\/\/gambi-m.com\/en\/wp-json\/wp\/v2\/pages"}],"about":[{"href":"https:\/\/gambi-m.com\/en\/wp-json\/wp\/v2\/types\/page"}],"author":[{"embeddable":true,"href":"https:\/\/gambi-m.com\/en\/wp-json\/wp\/v2\/users\/3"}],"replies":[{"embeddable":true,"href":"https:\/\/gambi-m.com\/en\/wp-json\/wp\/v2\/comments?post=932"}],"version-history":[{"count":55,"href":"https:\/\/gambi-m.com\/en\/wp-json\/wp\/v2\/pages\/932\/revisions"}],"predecessor-version":[{"id":2416,"href":"https:\/\/gambi-m.com\/en\/wp-json\/wp\/v2\/pages\/932\/revisions\/2416"}],"wp:attachment":[{"href":"https:\/\/gambi-m.com\/en\/wp-json\/wp\/v2\/media?parent=932"}],"curies":[{"name":"wp","href":"https:\/\/api.w.org\/{rel}","templated":true}]}}